{"id":10,"date":"2017-11-04T13:55:03","date_gmt":"2017-11-04T13:55:03","guid":{"rendered":"http:\/\/gevara.lt\/globali\/?page_id=10"},"modified":"2022-07-05T10:32:16","modified_gmt":"2022-07-05T08:32:16","slug":"investuoti","status":"publish","type":"page","link":"https:\/\/globalus.druskininkai.lt\/?page_id=10","title":{"rendered":"INVESTUOK DRUSKININKUOSE"},"content":{"rendered":"\t\t<div data-elementor-type=\"wp-post\" data-elementor-id=\"10\" class=\"elementor elementor-10\">\n\t\t\t\t\t\t<div class=\"elementor-inner\">\n\t\t\t\t<div class=\"elementor-section-wrap\">\n\t\t\t\t\t\t\t\t\t<section class=\"elementor-section elementor-top-section elementor-element elementor-element-619e18b6 elementor-section-boxed elementor-section-height-default elementor-section-height-default\" data-id=\"619e18b6\" data-element_type=\"section\">\n\t\t\t\t\t\t<div class=\"elementor-container elementor-column-gap-default\">\n\t\t\t\t\t\t\t<div class=\"elementor-row\">\n\t\t\t\t\t<div class=\"elementor-column elementor-col-50 elementor-top-column elementor-element elementor-element-4f536a0a\" data-id=\"4f536a0a\" data-element_type=\"column\">\n\t\t\t<div class=\"elementor-column-wrap elementor-element-populated\">\n\t\t\t\t\t\t\t<div class=\"elementor-widget-wrap\">\n\t\t\t\t\t\t<div class=\"elementor-element elementor-element-768ed6d0 elementor-widget elementor-widget-text-editor\" data-id=\"768ed6d0\" data-element_type=\"widget\" data-widget_type=\"text-editor.default\">\n\t\t\t\t<div class=\"elementor-widget-container\">\n\t\t\t\t\t\t\t\t<div class=\"elementor-text-editor elementor-clearfix\">\n\t\t\t\t<p><span style=\"letter-spacing: 0.025em;\">Druskininkai pirmieji Lietuvoje \u012fgyvendino tokius projektus kaip Vandens parkas, Snow Arena, Lyn\u0173 kelias \u2013 \u0161iandien \u0161ie objektai gausiai lankomi turist\u0173, duodantys \u017eymi\u0105 prid\u0117tin\u0119 vert\u0119 ne tik pa\u010diam kurortui, bet ir visai \u0161aliai.<\/span><\/p><p>Druskininkuose nuolat kuriami apgyvendinimo, maitinimo, pramog\u0173 verslai, si\u016blomos kitos paslaugos. Aktyviai veikiantis Druskinink\u0173 Turizmo ir verslo informacijos centras \u012fgyvendina projektus, skirtus suteikti reikiam\u0105 informacij\u0105 ir pad\u0117ti tiems, kurie planuoja prad\u0117ti savo versl\u0105, o Druskinink\u0173 savivaldyb\u0117s administracijos \u012fgyvendinami projektai kuria investuotojams patraukli\u0105 infrastrukt\u016br\u0105. Kurorte tvarkomos bei pri\u017ei\u016brimos vie\u0161osios erdv\u0117s, gatv\u0117s bei keliai , miesto infrastrukt\u016bra pritaikyta jud\u0117jimo negali\u0105 turintiems asmenims.<\/p><p>Skatindama smulkaus ir vidutinio verslo k\u016brim\u0105si bei pl\u0117tojim\u0105 Druskinink\u0173 savivaldyb\u0117 nuolat ie\u0161ko b\u016bd\u0173 finansi\u0161kai remti smulkaus ir vidutinio verslo subjektus bei nuolat ie\u0161ko investuotoj\u0173.<\/p><div class=\"elementor-element elementor-element-d019bc0 elementor-widget elementor-widget-text-editor\" data-id=\"d019bc0\" data-element_type=\"widget\" data-widget_type=\"text-editor.default\"><div class=\"elementor-widget-container\"><div class=\"elementor-text-editor elementor-clearfix\"><p><strong>Susidom\u0117jai? Vis\u0105 reikiam\u0105 informacij\u0105 suteiks\u00a0<\/strong><br \/>Investicij\u0173 ir projekt\u0173 skyriaus ved\u0117ja L. Gaid\u017ei\u016bnait\u0117<\/p><\/div><\/div><\/div><div class=\"elementor-element elementor-element-ea8fdfe elementor-align-left elementor-icon-list--layout-traditional elementor-list-item-link-full_width elementor-widget elementor-widget-icon-list\" data-id=\"ea8fdfe\" data-element_type=\"widget\" data-widget_type=\"icon-list.default\"><div class=\"elementor-widget-container\"><ul class=\"elementor-icon-list-items\"><li class=\"elementor-icon-list-item\"><i class=\"fas fa-envelope\" aria-hidden=\"true\"><\/i><span class=\"elementor-icon-list-text\">lina.gaidziunaite@druskininkai.lt<\/span><\/li><li class=\"elementor-icon-list-item\"><a href=\"tel:%20SVV%20r%C4%97mimo%20programa%20tik%20viena%20i%C5%A1%20daugelio%20savivaldyb%C4%97s%20vykdom%C5%B3%20priemoni%C5%B3,%20remiant%20%20verslo%20bei%20bendruomen%C4%97s%20verslum%C4%85%20Kiekvienais%20metais%20savivaldyb%C4%97%20remia%20kaimo%20bendruomenes,%20%C5%BEem%C4%97s%20%C5%ABk%C4%AF,%20jaunim%C4%85,%20kitus%20projektus,%20tas\"><i class=\"fas fa-phone\" aria-hidden=\"true\"><\/i><span class=\"elementor-icon-list-text\">8 313 40122<\/span><\/a><\/li><\/ul><\/div><\/div>\t\t\t\t\t<\/div>\n\t\t\t\t\t\t<\/div>\n\t\t\t\t<\/div>\n\t\t\t\t\t\t<\/div>\n\t\t\t\t\t<\/div>\n\t\t<\/div>\n\t\t\t\t<div class=\"elementor-column elementor-col-50 elementor-top-column elementor-element elementor-element-13121c5\" data-id=\"13121c5\" data-element_type=\"column\">\n\t\t\t<div class=\"elementor-column-wrap elementor-element-populated\">\n\t\t\t\t\t\t\t<div class=\"elementor-widget-wrap\">\n\t\t\t\t\t\t<div class=\"elementor-element elementor-element-469d929 elementor-widget elementor-widget-text-editor\" data-id=\"469d929\" data-element_type=\"widget\" data-widget_type=\"text-editor.default\">\n\t\t\t\t<div class=\"elementor-widget-container\">\n\t\t\t\t\t\t\t\t<div class=\"elementor-text-editor elementor-clearfix\">\n\t\t\t\t<h4>Tapk ambasadoriumi<\/h4><p style=\"text-align: left;\">Ar nori b\u016bti Druskinink\u0173 ambasadore\/iumi ir pasidalinti kontaktais verslininki\u0173\/\u0173, kuriems b\u016bt\u0173 \u012fdomu investuoti Druskininkuose? B\u016bk m\u016bs\u0173 tr\u016bkstama grandis pasiekti investuotojus, tapk ambasadoriumi ir supa\u017eindink Druskininkus su investuotojais.<a href=\"http:\/\/globalus.druskininkai.lt\/?page_id=790\"><strong> Susisiek!<\/strong><\/a><\/p>\t\t\t\t\t<\/div>\n\t\t\t\t\t\t<\/div>\n\t\t\t\t<\/div>\n\t\t\t\t\t\t<\/div>\n\t\t\t\t\t<\/div>\n\t\t<\/div>\n\t\t\t\t\t\t\t\t<\/div>\n\t\t\t\t\t<\/div>\n\t\t<\/section>\n\t\t\t\t<section class=\"elementor-section elementor-top-section elementor-element elementor-element-27fee4f elementor-section-boxed elementor-section-height-default elementor-section-height-default\" data-id=\"27fee4f\" data-element_type=\"section\">\n\t\t\t\t\t\t<div class=\"elementor-container elementor-column-gap-default\">\n\t\t\t\t\t\t\t<div class=\"elementor-row\">\n\t\t\t\t\t<div class=\"elementor-column elementor-col-50 elementor-top-column elementor-element elementor-element-d77b05f\" data-id=\"d77b05f\" data-element_type=\"column\">\n\t\t\t<div class=\"elementor-column-wrap elementor-element-populated\">\n\t\t\t\t\t\t\t<div class=\"elementor-widget-wrap\">\n\t\t\t\t\t\t<div class=\"elementor-element elementor-element-57b2ff9 elementor-widget elementor-widget-text-editor\" data-id=\"57b2ff9\" data-element_type=\"widget\" data-widget_type=\"text-editor.default\">\n\t\t\t\t<div class=\"elementor-widget-container\">\n\t\t\t\t\t\t\t\t<div class=\"elementor-text-editor elementor-clearfix\">\n\t\t\t\t<h3>Nekilnojamas turtas<\/h3><p>Nekilnojamas turtas Druskininkuose da\u017enai perkamas kaip antrasis b\u016bstas poilsiui, nuomai, verslo vystymui. Da\u017eniausiai nekilnojam\u0105 turt\u0105 kurorte \u012fsigij\u0119 asmenys Druskininkuose praleid\u0119 savo atostogas, b\u016bst\u0105 i\u0161nuomoja turistams. tarp investuotoj\u0173 ir gyventoj\u0173 ypa\u010d populiar\u016bs naujos statybos b\u016bstai kurorto centre, ta\u010diau pirk\u0117jus domina ir renovuoti b\u016bstai.<\/p><p>Druskinink\u0173 savivaldyb\u0117 yra renovacijos lyder\u0117 \u0161alyje &#8211; \u0161iuo metu jau renovuota daugiau kaip 80 daugiabu\u010di\u0173 nam\u0173, prie kuri\u0173 kompleksi\u0161kai sutvarkoma ir aplinka, automobili\u0173 stov\u0117jimo aik\u0161tel\u0117s, kas taip pat lemia \u0161i\u0173 but\u0173 populiarum\u0105.<\/p><p>\u00a0<\/p>\t\t\t\t\t<\/div>\n\t\t\t\t\t\t<\/div>\n\t\t\t\t<\/div>\n\t\t\t\t\t\t<\/div>\n\t\t\t\t\t<\/div>\n\t\t<\/div>\n\t\t\t\t<div class=\"elementor-column elementor-col-50 elementor-top-column elementor-element elementor-element-142273c\" data-id=\"142273c\" data-element_type=\"column\">\n\t\t\t<div class=\"elementor-column-wrap elementor-element-populated\">\n\t\t\t\t\t\t\t<div class=\"elementor-widget-wrap\">\n\t\t\t\t\t\t<div class=\"elementor-element elementor-element-e50f3fa elementor-widget elementor-widget-text-editor\" data-id=\"e50f3fa\" data-element_type=\"widget\" data-widget_type=\"text-editor.default\">\n\t\t\t\t<div class=\"elementor-widget-container\">\n\t\t\t\t\t\t\t\t<div class=\"elementor-text-editor elementor-clearfix\">\n\t\t\t\t<h3>Parduodamas Savivaldyb\u0117s nekilnojamasis turtas<\/h3><p>Nereikalingo savivaldyb\u0117s funkcijoms vykdyti ir savivaldyb\u0117s veikloje nenaudojamo turto s\u0105ra\u0161\u0105 tvirtina savivaldyb\u0117s taryba.\u00a0<\/p><p><span style=\"color: #333399;\"><a style=\"color: #333399;\" href=\"https:\/\/bit.ly\/3yHsiad\">Vie\u0161ame aukcione parduodamo savivaldyb\u0117s nekilnojamojo turto ir kit\u0173 nekilnojam\u0173j\u0173 daikt\u0173 s\u0105ra\u0161as<\/a><\/span>\u00a0<\/p><p>Daugiau informacijos suteiks:<\/p><div class=\"elementor-element elementor-element-d019bc0 elementor-widget elementor-widget-text-editor\" data-id=\"d019bc0\" data-element_type=\"widget\" data-widget_type=\"text-editor.default\"><div class=\"elementor-widget-container\"><div class=\"elementor-text-editor elementor-clearfix\"><p>\u016akio ir turto valdymo skyriaus vyriausiasis specialistas A. Kazanavi\u010dius<\/p><\/div><\/div><\/div><div class=\"elementor-element elementor-element-ea8fdfe elementor-align-left elementor-icon-list--layout-traditional elementor-list-item-link-full_width elementor-widget elementor-widget-icon-list\" data-id=\"ea8fdfe\" data-element_type=\"widget\" data-widget_type=\"icon-list.default\"><div class=\"elementor-widget-container\"><ul class=\"elementor-icon-list-items\"><li class=\"elementor-icon-list-item\"><i class=\"fas fa-envelope\" aria-hidden=\"true\"><\/i><span class=\"elementor-icon-list-text\">algirdas.kazanavicius@druskininkai.lt<\/span><\/li><li class=\"elementor-icon-list-item\"><a href=\"tel:%20SVV%20r%C4%97mimo%20programa%20tik%20viena%20i%C5%A1%20daugelio%20savivaldyb%C4%97s%20vykdom%C5%B3%20priemoni%C5%B3,%20remiant%20%20verslo%20bei%20bendruomen%C4%97s%20verslum%C4%85%20Kiekvienais%20metais%20savivaldyb%C4%97%20remia%20kaimo%20bendruomenes,%20%C5%BEem%C4%97s%20%C5%ABk%C4%AF,%20jaunim%C4%85,%20kitus%20projektus,%20tas\"><i class=\"fas fa-phone\" aria-hidden=\"true\"><\/i><span class=\"elementor-icon-list-text\">8 313 59158<\/span><\/a><\/li><\/ul><\/div><\/div>\t\t\t\t\t<\/div>\n\t\t\t\t\t\t<\/div>\n\t\t\t\t<\/div>\n\t\t\t\t\t\t<\/div>\n\t\t\t\t\t<\/div>\n\t\t<\/div>\n\t\t\t\t\t\t\t\t<\/div>\n\t\t\t\t\t<\/div>\n\t\t<\/section>\n\t\t\t\t<section class=\"elementor-section elementor-top-section elementor-element elementor-element-e50a39e elementor-section-boxed elementor-section-height-default elementor-section-height-default\" data-id=\"e50a39e\" data-element_type=\"section\">\n\t\t\t\t\t\t<div class=\"elementor-container elementor-column-gap-default\">\n\t\t\t\t\t\t\t<div class=\"elementor-row\">\n\t\t\t\t\t<div class=\"elementor-column elementor-col-100 elementor-top-column elementor-element elementor-element-8f7e985\" data-id=\"8f7e985\" data-element_type=\"column\">\n\t\t\t<div class=\"elementor-column-wrap elementor-element-populated\">\n\t\t\t\t\t\t\t<div class=\"elementor-widget-wrap\">\n\t\t\t\t\t\t<section class=\"elementor-section elementor-inner-section elementor-element elementor-element-d175ff4 elementor-section-boxed elementor-section-height-default elementor-section-height-default\" data-id=\"d175ff4\" data-element_type=\"section\" data-settings=\"{&quot;background_background&quot;:&quot;classic&quot;}\">\n\t\t\t\t\t\t<div class=\"elementor-container elementor-column-gap-default\">\n\t\t\t\t\t\t\t<div class=\"elementor-row\">\n\t\t\t\t\t<div class=\"elementor-column elementor-col-100 elementor-inner-column elementor-element elementor-element-550735e\" data-id=\"550735e\" data-element_type=\"column\">\n\t\t\t<div class=\"elementor-column-wrap elementor-element-populated\">\n\t\t\t\t\t\t\t<div class=\"elementor-widget-wrap\">\n\t\t\t\t\t\t<div class=\"elementor-element elementor-element-75a5e76 elementor-widget elementor-widget-text-editor\" data-id=\"75a5e76\" data-element_type=\"widget\" data-widget_type=\"text-editor.default\">\n\t\t\t\t<div class=\"elementor-widget-container\">\n\t\t\t\t\t\t\t\t<div class=\"elementor-text-editor elementor-clearfix\">\n\t\t\t\t<p><img decoding=\"async\" loading=\"lazy\" class=\"alignnone size-full wp-image-800\" src=\"http:\/\/globalus.druskininkai.lt\/wp-content\/uploads\/2019\/09\/druskininku-vaizdas.jpg\" alt=\"\" width=\"1600\" height=\"1065\" srcset=\"https:\/\/globalus.druskininkai.lt\/wp-content\/uploads\/2019\/09\/druskininku-vaizdas.jpg 1600w, https:\/\/globalus.druskininkai.lt\/wp-content\/uploads\/2019\/09\/druskininku-vaizdas-300x200.jpg 300w, https:\/\/globalus.druskininkai.lt\/wp-content\/uploads\/2019\/09\/druskininku-vaizdas-768x511.jpg 768w, https:\/\/globalus.druskininkai.lt\/wp-content\/uploads\/2019\/09\/druskininku-vaizdas-1024x682.jpg 1024w\" sizes=\"(max-width: 1600px) 100vw, 1600px\" \/><\/p>\t\t\t\t\t<\/div>\n\t\t\t\t\t\t<\/div>\n\t\t\t\t<\/div>\n\t\t\t\t\t\t<\/div>\n\t\t\t\t\t<\/div>\n\t\t<\/div>\n\t\t\t\t\t\t\t\t<\/div>\n\t\t\t\t\t<\/div>\n\t\t<\/section>\n\t\t\t\t\t\t<\/div>\n\t\t\t\t\t<\/div>\n\t\t<\/div>\n\t\t\t\t\t\t\t\t<\/div>\n\t\t\t\t\t<\/div>\n\t\t<\/section>\n\t\t\t\t\t\t\t\t\t<\/div>\n\t\t\t<\/div>\n\t\t\t\t\t<\/div>\n\t\t","protected":false},"excerpt":{"rendered":"<p>Druskininkai pirmieji Lietuvoje \u012fgyvendino tokius projektus kaip Vandens parkas, Snow Arena, Lyn\u0173 kelias \u2013 \u0161iandien \u0161ie objektai gausiai lankomi turist\u0173, duodantys \u017eymi\u0105 prid\u0117tin\u0119 vert\u0119 ne tik pa\u010diam kurortui, bet ir visai \u0161aliai. Druskininkuose nuolat kuriami apgyvendinimo, maitinimo, pramog\u0173 verslai, si\u016blomos kitos paslaugos. Aktyviai veikiantis Druskinink\u0173 Turizmo ir verslo informacijos centras \u012fgyvendina projektus, skirtus suteikti reikiam\u0105 &hellip; <a href=\"https:\/\/globalus.druskininkai.lt\/?page_id=10\" class=\"more-link\">Skaityti toliau: <span class=\"screen-reader-text\">INVESTUOK DRUSKININKUOSE<\/span><\/a><\/p>\n","protected":false},"author":1,"featured_media":0,"parent":0,"menu_order":0,"comment_status":"closed","ping_status":"closed","template":"","meta":[],"acf":[],"_links":{"self":[{"href":"https:\/\/globalus.druskininkai.lt\/index.php?rest_route=\/wp\/v2\/pages\/10"}],"collection":[{"href":"https:\/\/globalus.druskininkai.lt\/index.php?rest_route=\/wp\/v2\/pages"}],"about":[{"href":"https:\/\/globalus.druskininkai.lt\/index.php?rest_route=\/wp\/v2\/types\/page"}],"author":[{"embeddable":true,"href":"https:\/\/globalus.druskininkai.lt\/index.php?rest_route=\/wp\/v2\/users\/1"}],"replies":[{"embeddable":true,"href":"https:\/\/globalus.druskininkai.lt\/index.php?rest_route=%2Fwp%2Fv2%2Fcomments&post=10"}],"version-history":[{"count":32,"href":"https:\/\/globalus.druskininkai.lt\/index.php?rest_route=\/wp\/v2\/pages\/10\/revisions"}],"predecessor-version":[{"id":1080,"href":"https:\/\/globalus.druskininkai.lt\/index.php?rest_route=\/wp\/v2\/pages\/10\/revisions\/1080"}],"wp:attachment":[{"href":"https:\/\/globalus.druskininkai.lt\/index.php?rest_route=%2Fwp%2Fv2%2Fmedia&parent=10"}],"curies":[{"name":"wp","href":"https:\/\/api.w.org\/{rel}","templated":true}]}}