{"id":14,"date":"2017-11-04T13:55:23","date_gmt":"2017-11-04T13:55:23","guid":{"rendered":"http:\/\/gevara.lt\/globali\/?page_id=14"},"modified":"2025-08-01T09:03:37","modified_gmt":"2025-08-01T07:03:37","slug":"ambasadoriai","status":"publish","type":"page","link":"https:\/\/globalus.druskininkai.lt\/?page_id=14","title":{"rendered":"DRUSKININK\u0172 AMBASADORIAI"},"content":{"rendered":"\t\t<div data-elementor-type=\"wp-post\" data-elementor-id=\"14\" class=\"elementor elementor-14\">\n\t\t\t\t\t\t<div class=\"elementor-inner\">\n\t\t\t\t<div class=\"elementor-section-wrap\">\n\t\t\t\t\t\t\t\t\t<section class=\"elementor-section elementor-top-section elementor-element elementor-element-4dee31a1 elementor-section-boxed elementor-section-height-default elementor-section-height-default\" data-id=\"4dee31a1\" data-element_type=\"section\">\n\t\t\t\t\t\t<div class=\"elementor-container elementor-column-gap-default\">\n\t\t\t\t\t\t\t<div class=\"elementor-row\">\n\t\t\t\t\t<div class=\"elementor-column elementor-col-100 elementor-top-column elementor-element elementor-element-3f3a9cf6\" data-id=\"3f3a9cf6\" data-element_type=\"column\">\n\t\t\t<div class=\"elementor-column-wrap elementor-element-populated\">\n\t\t\t\t\t\t\t<div class=\"elementor-widget-wrap\">\n\t\t\t\t\t\t<div class=\"elementor-element elementor-element-6d43a64d elementor-widget elementor-widget-text-editor\" data-id=\"6d43a64d\" data-element_type=\"widget\" data-widget_type=\"text-editor.default\">\n\t\t\t\t<div class=\"elementor-widget-container\">\n\t\t\t\t\t\t\t\t<div class=\"elementor-text-editor elementor-clearfix\">\n\t\t\t\t<p>Tapimas ambasadoriumi \u2013 tai Druskinink\u0173 atstovavimas ir noras skleisti ger\u0105j\u0105 \u017eini\u0105 apie miest\u0105, pad\u0117ti surasti investuotoj\u0173, aktyviau \u012fsitraukti \u012f regiono vystym\u0105.\u00a0<\/p>\t\t\t\t\t<\/div>\n\t\t\t\t\t\t<\/div>\n\t\t\t\t<\/div>\n\t\t\t\t\t\t<\/div>\n\t\t\t\t\t<\/div>\n\t\t<\/div>\n\t\t\t\t\t\t\t\t<\/div>\n\t\t\t\t\t<\/div>\n\t\t<\/section>\n\t\t\t\t\t\t\t\t\t<\/div>\n\t\t\t<\/div>\n\t\t\t\t\t<\/div>\n\t\t","protected":false},"excerpt":{"rendered":"<p>Tapimas ambasadoriumi \u2013 tai Druskinink\u0173 atstovavimas ir noras skleisti ger\u0105j\u0105 \u017eini\u0105 apie miest\u0105, pad\u0117ti surasti investuotoj\u0173, aktyviau \u012fsitraukti \u012f regiono vystym\u0105.\u00a0<\/p>\n","protected":false},"author":1,"featured_media":0,"parent":0,"menu_order":0,"comment_status":"closed","ping_status":"closed","template":"","meta":[],"acf":[],"_links":{"self":[{"href":"https:\/\/globalus.druskininkai.lt\/index.php?rest_route=\/wp\/v2\/pages\/14"}],"collection":[{"href":"https:\/\/globalus.druskininkai.lt\/index.php?rest_route=\/wp\/v2\/pages"}],"about":[{"href":"https:\/\/globalus.druskininkai.lt\/index.php?rest_route=\/wp\/v2\/types\/page"}],"author":[{"embeddable":true,"href":"https:\/\/globalus.druskininkai.lt\/index.php?rest_route=\/wp\/v2\/users\/1"}],"replies":[{"embeddable":true,"href":"https:\/\/globalus.druskininkai.lt\/index.php?rest_route=%2Fwp%2Fv2%2Fcomments&post=14"}],"version-history":[{"count":64,"href":"https:\/\/globalus.druskininkai.lt\/index.php?rest_route=\/wp\/v2\/pages\/14\/revisions"}],"predecessor-version":[{"id":1094,"href":"https:\/\/globalus.druskininkai.lt\/index.php?rest_route=\/wp\/v2\/pages\/14\/revisions\/1094"}],"wp:attachment":[{"href":"https:\/\/globalus.druskininkai.lt\/index.php?rest_route=%2Fwp%2Fv2%2Fmedia&parent=14"}],"curies":[{"name":"wp","href":"https:\/\/api.w.org\/{rel}","templated":true}]}}