{"id":36,"date":"2017-11-05T09:53:04","date_gmt":"2017-11-05T09:53:04","guid":{"rendered":"http:\/\/gevara.lt\/globali\/?page_id=36"},"modified":"2018-05-07T14:27:58","modified_gmt":"2018-05-07T12:27:58","slug":"kurk-tauragei","status":"publish","type":"page","link":"https:\/\/globalus.druskininkai.lt\/?page_id=36","title":{"rendered":"Kurk Druskininkams"},"content":{"rendered":"<p>Norime pakviesti Global\u016bs Druskininkai bendruomen\u0119 kurti savo gimtajam miestui. Turite inovatyvi\u0105, k\u016brybing\u0105 id\u0117j\u0105, kuri\u0105 norite \u012fgyvendinti Druskininkuose? Si\u016blykite ir mes pad\u0117sime j\u0105 \u012fgyvendinti.<\/p>\n<p>&nbsp;<\/p>\n\n<div class=\"wpcf7 no-js\" id=\"wpcf7-f25-o1\" lang=\"en-US\" dir=\"ltr\">\n<div class=\"screen-reader-response\"><p role=\"status\" aria-live=\"polite\" aria-atomic=\"true\"><\/p> <ul><\/ul><\/div>\n<form action=\"\/index.php?rest_route=%2Fwp%2Fv2%2Fpages%2F36#wpcf7-f25-o1\" method=\"post\" class=\"wpcf7-form init\" aria-label=\"Contact form\" novalidate=\"novalidate\" data-status=\"init\">\n<div style=\"display: none;\">\n<input type=\"hidden\" name=\"_wpcf7\" value=\"25\" \/>\n<input type=\"hidden\" name=\"_wpcf7_version\" value=\"5.7.7\" \/>\n<input type=\"hidden\" name=\"_wpcf7_locale\" value=\"en_US\" \/>\n<input type=\"hidden\" name=\"_wpcf7_unit_tag\" value=\"wpcf7-f25-o1\" \/>\n<input type=\"hidden\" name=\"_wpcf7_container_post\" value=\"0\" \/>\n<input type=\"hidden\" name=\"_wpcf7_posted_data_hash\" value=\"\" \/>\n<\/div>\n<div class=\"field half first\">\n\t<label for=\"vardaspavarde\">Vardas, pavard\u0117<\/label>\n\t<span class=\"wpcf7-form-control-wrap\" data-name=\"vardaspavarde\"><input size=\"40\" class=\"wpcf7-form-control wpcf7-text wpcf7-validates-as-required\" aria-required=\"true\" aria-invalid=\"false\" value=\"\" type=\"text\" name=\"vardaspavarde\" \/><\/span>\n<\/div>\n<div class=\"field half\">\n\t<label for=\"elpastas\">El. pa\u0161tas<\/label>\n\t<span class=\"wpcf7-form-control-wrap\" data-name=\"elpastas\"><input size=\"40\" class=\"wpcf7-form-control wpcf7-text wpcf7-email wpcf7-validates-as-required wpcf7-validates-as-email\" aria-required=\"true\" aria-invalid=\"false\" value=\"\" type=\"email\" name=\"elpastas\" \/><\/span>\n<\/div>\n<div class=\"field\">\n\t<label for=\"kurk-ideja\">Id\u0117ja, siekiamas rezultatas<\/label>\n\t<span class=\"wpcf7-form-control-wrap\" data-name=\"kurk-ideja\"><textarea cols=\"40\" rows=\"2\" class=\"wpcf7-form-control wpcf7-textarea wpcf7-validates-as-required\" aria-required=\"true\" aria-invalid=\"false\" name=\"kurk-ideja\"><\/textarea><\/span>\n<\/div>\n<div class=\"field\">\n\t<label for=\"kurk-iniciatyva\">Iniciatyvos tikslas ir prid\u0117tin\u0117 vert\u0117<\/label>\n\t<span class=\"wpcf7-form-control-wrap\" data-name=\"kurk-iniciatyva\"><textarea cols=\"40\" rows=\"2\" class=\"wpcf7-form-control wpcf7-textarea wpcf7-validates-as-required\" aria-required=\"true\" aria-invalid=\"false\" name=\"kurk-iniciatyva\"><\/textarea><\/span>\n<\/div>\n<div class=\"field\">\n\t<label for=\"kurk-resursai\">Koki\u0173 resurs\u0173 Jums reikt\u0173?<\/label>\n\t<span class=\"wpcf7-form-control-wrap\" data-name=\"kurk-resursai\"><textarea cols=\"40\" rows=\"2\" class=\"wpcf7-form-control wpcf7-textarea wpcf7-validates-as-required\" aria-required=\"true\" aria-invalid=\"false\" name=\"kurk-resursai\"><\/textarea><\/span>\n<\/div>\n<ul class=\"actions\">\n\t<li><input class=\"wpcf7-form-control has-spinner wpcf7-submit special\" type=\"submit\" value=\"Si\u0173sti\" \/><\/li>\n\t<li><input type=\"reset\" value=\"I\u0161valyti\" \/><\/li>\n<\/ul><div class=\"wpcf7-response-output\" aria-hidden=\"true\"><\/div>\n<\/form>\n<\/div>\n\n","protected":false},"excerpt":{"rendered":"<p>Norime pakviesti Global\u016bs Druskininkai bendruomen\u0119 kurti savo gimtajam miestui. Turite inovatyvi\u0105, k\u016brybing\u0105 id\u0117j\u0105, kuri\u0105 norite \u012fgyvendinti Druskininkuose? Si\u016blykite ir mes pad\u0117sime j\u0105 \u012fgyvendinti. &nbsp;<\/p>\n","protected":false},"author":1,"featured_media":0,"parent":0,"menu_order":0,"comment_status":"closed","ping_status":"closed","template":"","meta":[],"acf":[],"_links":{"self":[{"href":"https:\/\/globalus.druskininkai.lt\/index.php?rest_route=\/wp\/v2\/pages\/36"}],"collection":[{"href":"https:\/\/globalus.druskininkai.lt\/index.php?rest_route=\/wp\/v2\/pages"}],"about":[{"href":"https:\/\/globalus.druskininkai.lt\/index.php?rest_route=\/wp\/v2\/types\/page"}],"author":[{"embeddable":true,"href":"https:\/\/globalus.druskininkai.lt\/index.php?rest_route=\/wp\/v2\/users\/1"}],"replies":[{"embeddable":true,"href":"https:\/\/globalus.druskininkai.lt\/index.php?rest_route=%2Fwp%2Fv2%2Fcomments&post=36"}],"version-history":[{"count":6,"href":"https:\/\/globalus.druskininkai.lt\/index.php?rest_route=\/wp\/v2\/pages\/36\/revisions"}],"predecessor-version":[{"id":339,"href":"https:\/\/globalus.druskininkai.lt\/index.php?rest_route=\/wp\/v2\/pages\/36\/revisions\/339"}],"wp:attachment":[{"href":"https:\/\/globalus.druskininkai.lt\/index.php?rest_route=%2Fwp%2Fv2%2Fmedia&parent=36"}],"curies":[{"name":"wp","href":"https:\/\/api.w.org\/{rel}","templated":true}]}}