{"id":40,"date":"2017-11-05T09:57:53","date_gmt":"2017-11-05T09:57:53","guid":{"rendered":"http:\/\/gevara.lt\/globali\/?page_id=40"},"modified":"2019-04-04T10:29:45","modified_gmt":"2019-04-04T08:29:45","slug":"renginiai","status":"publish","type":"page","link":"https:\/\/globalus.druskininkai.lt\/?page_id=40","title":{"rendered":"Renginiai"},"content":{"rendered":"\t\t<div data-elementor-type=\"wp-post\" data-elementor-id=\"40\" class=\"elementor elementor-40 elementor-bc-flex-widget\">\n\t\t\t\t\t\t<div class=\"elementor-inner\">\n\t\t\t\t<div class=\"elementor-section-wrap\">\n\t\t\t\t\t\t\t\t\t<section class=\"elementor-section elementor-top-section elementor-element elementor-element-83cd8c4 elementor-section-boxed elementor-section-height-default elementor-section-height-default\" data-id=\"83cd8c4\" data-element_type=\"section\">\n\t\t\t\t\t\t<div class=\"elementor-container elementor-column-gap-default\">\n\t\t\t\t\t\t\t<div class=\"elementor-row\">\n\t\t\t\t\t<div class=\"elementor-column elementor-col-100 elementor-top-column elementor-element elementor-element-b5a8714\" data-id=\"b5a8714\" data-element_type=\"column\">\n\t\t\t<div class=\"elementor-column-wrap elementor-element-populated\">\n\t\t\t\t\t\t\t<div class=\"elementor-widget-wrap\">\n\t\t\t\t\t\t<section class=\"elementor-section elementor-inner-section elementor-element elementor-element-9305b6e elementor-section-boxed elementor-section-height-default elementor-section-height-default\" data-id=\"9305b6e\" data-element_type=\"section\">\n\t\t\t\t\t\t<div class=\"elementor-container elementor-column-gap-default\">\n\t\t\t\t\t\t\t<div class=\"elementor-row\">\n\t\t\t\t\t<div class=\"elementor-column elementor-col-33 elementor-inner-column elementor-element elementor-element-f4ce468\" data-id=\"f4ce468\" data-element_type=\"column\">\n\t\t\t<div class=\"elementor-column-wrap elementor-element-populated\">\n\t\t\t\t\t\t\t<div class=\"elementor-widget-wrap\">\n\t\t\t\t\t\t<div class=\"elementor-element elementor-element-ad1fe15 elementor-widget elementor-widget-text-editor\" data-id=\"ad1fe15\" data-element_type=\"widget\" data-widget_type=\"text-editor.default\">\n\t\t\t\t<div class=\"elementor-widget-container\">\n\t\t\t\t\t\t\t\t<div class=\"elementor-text-editor elementor-clearfix\">\n\t\t\t\t<h4><img decoding=\"async\" loading=\"lazy\" class=\"alignnone size-full wp-image-668\" src=\"http:\/\/globalus.druskininkai.lt\/wp-content\/uploads\/2019\/03\/tarptautinis-m-k-ciurlionio-muzikos-festivalis-vilniuje-sekmingai-finisavo-7830.jpg\" alt=\"\" width=\"337\" height=\"225\" srcset=\"https:\/\/globalus.druskininkai.lt\/wp-content\/uploads\/2019\/03\/tarptautinis-m-k-ciurlionio-muzikos-festivalis-vilniuje-sekmingai-finisavo-7830.jpg 337w, https:\/\/globalus.druskininkai.lt\/wp-content\/uploads\/2019\/03\/tarptautinis-m-k-ciurlionio-muzikos-festivalis-vilniuje-sekmingai-finisavo-7830-300x200.jpg 300w\" sizes=\"(max-width: 337px) 100vw, 337px\" \/>Tarptautinis men\u0173 fesivalis &#8220;Vasara su M. K. \u010ciurlioniu&#8221;<\/h4>\t\t\t\t\t<\/div>\n\t\t\t\t\t\t<\/div>\n\t\t\t\t<\/div>\n\t\t\t\t<div class=\"elementor-element elementor-element-c2db79e elementor-widget elementor-widget-text-editor\" data-id=\"c2db79e\" data-element_type=\"widget\" data-widget_type=\"text-editor.default\">\n\t\t\t\t<div class=\"elementor-widget-container\">\n\t\t\t\t\t\t\t\t<div class=\"elementor-text-editor elementor-clearfix\">\n\t\t\t\t<p>I\u0161skirtinis festivalis \u201eDruskinink\u0173 vasara su M. K. \u010ciurlioniu\u201c kiekvienais metais suteikia galimyb\u0119 miesto gyventojams ir sve\u010diams dar pla\u010diau ir giliau pa\u017einti vieno i\u0161kiliausi\u0173 Lietuvos meninink\u0173 \u2013 M. K. \u010ciurlionio gyvenim\u0105, k\u016bryb\u0105, svarb\u0105 ir \u012ftak\u0105 dabartinei meninink\u0173 k\u016brybai. Jau 17-us metus festivalis kuria unikali\u0105 Lietuvos ir u\u017esienio \u0161ali\u0173 atlik\u0117j\u0173 bei meno k\u016br\u0117j\u0173 bendravimo erdv\u0119 Druskininkuose. Kiekvienais metais festivalis vis profesionalesnis ir turtingesnis savo renginiais. Klasikin\u0117s muzikos koncertai, muzikin\u0117s popiet\u0117s, literat\u016briniai vakarai, konferencijos bei dail\u0117s parodos, s\u0117kmingai pristato garsaus dailininko ir kompozitoriaus k\u016brybin\u012f palikim\u0105.Kasmet lankytojus pakvie\u010dia per 50 \u012fvairi\u0173 Festivalio rengini\u0173, juose dalyvauja iki 300 \u017einom\u0173 Lietuvos ir u\u017esienio \u0161ali\u0173 meno meistr\u0173 ir talenting\u0173 jaun\u0173j\u0173 meninink\u0173 \u2013 kompozitori\u0173, dirigent\u0173, muzikos atlik\u0117j\u0173, aktori\u0173, dailinink\u0173, menotyrinink\u0173. Per 15 met\u0173 festivalio programoje dalyvavo 129 u\u017esienio atlik\u0117jai i\u0161 30 \u0161ali\u0173.\u00a0<\/p><p><img decoding=\"async\" loading=\"lazy\" class=\"alignnone size-full wp-image-689\" src=\"http:\/\/globalus.druskininkai.lt\/wp-content\/uploads\/2019\/04\/ciurlionis1.jpg\" alt=\"\" width=\"852\" height=\"404\" srcset=\"https:\/\/globalus.druskininkai.lt\/wp-content\/uploads\/2019\/04\/ciurlionis1.jpg 852w, https:\/\/globalus.druskininkai.lt\/wp-content\/uploads\/2019\/04\/ciurlionis1-300x142.jpg 300w, https:\/\/globalus.druskininkai.lt\/wp-content\/uploads\/2019\/04\/ciurlionis1-768x364.jpg 768w\" sizes=\"(max-width: 852px) 100vw, 852px\" \/><\/p><p><img decoding=\"async\" loading=\"lazy\" class=\"size-full wp-image-690\" src=\"http:\/\/globalus.druskininkai.lt\/wp-content\/uploads\/2019\/04\/ciurlionis-2.jpg\" alt=\"\" width=\"1474\" height=\"828\" srcset=\"https:\/\/globalus.druskininkai.lt\/wp-content\/uploads\/2019\/04\/ciurlionis-2.jpg 1474w, https:\/\/globalus.druskininkai.lt\/wp-content\/uploads\/2019\/04\/ciurlionis-2-300x169.jpg 300w, https:\/\/globalus.druskininkai.lt\/wp-content\/uploads\/2019\/04\/ciurlionis-2-768x431.jpg 768w, https:\/\/globalus.druskininkai.lt\/wp-content\/uploads\/2019\/04\/ciurlionis-2-1024x575.jpg 1024w\" sizes=\"(max-width: 1474px) 100vw, 1474px\" \/><img decoding=\"async\" loading=\"lazy\" class=\"alignnone size-full wp-image-691\" src=\"http:\/\/globalus.druskininkai.lt\/wp-content\/uploads\/2019\/04\/ciurlionis-3.jpg\" alt=\"\" width=\"1459\" height=\"500\" srcset=\"https:\/\/globalus.druskininkai.lt\/wp-content\/uploads\/2019\/04\/ciurlionis-3.jpg 1459w, https:\/\/globalus.druskininkai.lt\/wp-content\/uploads\/2019\/04\/ciurlionis-3-300x103.jpg 300w, https:\/\/globalus.druskininkai.lt\/wp-content\/uploads\/2019\/04\/ciurlionis-3-768x263.jpg 768w, https:\/\/globalus.druskininkai.lt\/wp-content\/uploads\/2019\/04\/ciurlionis-3-1024x351.jpg 1024w\" sizes=\"(max-width: 1459px) 100vw, 1459px\" \/>\u00a0<\/p>\t\t\t\t\t<\/div>\n\t\t\t\t\t\t<\/div>\n\t\t\t\t<\/div>\n\t\t\t\t<div class=\"elementor-element elementor-element-3850663 elementor-widget elementor-widget-text-editor\" data-id=\"3850663\" data-element_type=\"widget\" data-widget_type=\"text-editor.default\">\n\t\t\t\t<div class=\"elementor-widget-container\">\n\t\t\t\t\t\t\t\t<div class=\"elementor-text-editor elementor-clearfix\">\n\t\t\t\t\t\t\t\t\t<\/div>\n\t\t\t\t\t\t<\/div>\n\t\t\t\t<\/div>\n\t\t\t\t<div class=\"elementor-element elementor-element-e49aae3 elementor-widget elementor-widget-text-editor\" data-id=\"e49aae3\" data-element_type=\"widget\" data-widget_type=\"text-editor.default\">\n\t\t\t\t<div class=\"elementor-widget-container\">\n\t\t\t\t\t\t\t\t<div class=\"elementor-text-editor elementor-clearfix\">\n\t\t\t\t\t\t\t\t\t<\/div>\n\t\t\t\t\t\t<\/div>\n\t\t\t\t<\/div>\n\t\t\t\t<div class=\"elementor-element elementor-element-c8a7c6b elementor-widget elementor-widget-text-editor\" data-id=\"c8a7c6b\" data-element_type=\"widget\" data-widget_type=\"text-editor.default\">\n\t\t\t\t<div class=\"elementor-widget-container\">\n\t\t\t\t\t\t\t\t<div class=\"elementor-text-editor elementor-clearfix\">\n\t\t\t\t\t\t\t\t\t<\/div>\n\t\t\t\t\t\t<\/div>\n\t\t\t\t<\/div>\n\t\t\t\t\t\t<\/div>\n\t\t\t\t\t<\/div>\n\t\t<\/div>\n\t\t\t\t<div class=\"elementor-column elementor-col-33 elementor-inner-column elementor-element elementor-element-683295c\" data-id=\"683295c\" data-element_type=\"column\">\n\t\t\t<div class=\"elementor-column-wrap elementor-element-populated\">\n\t\t\t\t\t\t\t<div class=\"elementor-widget-wrap\">\n\t\t\t\t\t\t<div class=\"elementor-element elementor-element-756ea61 elementor-widget elementor-widget-text-editor\" data-id=\"756ea61\" data-element_type=\"widget\" data-widget_type=\"text-editor.default\">\n\t\t\t\t<div class=\"elementor-widget-container\">\n\t\t\t\t\t\t\t\t<div class=\"elementor-text-editor elementor-clearfix\">\n\t\t\t\t<h3><img decoding=\"async\" loading=\"lazy\" class=\"size-full wp-image-672 alignright\" src=\"http:\/\/globalus.druskininkai.lt\/wp-content\/uploads\/2019\/03\/K2.jpg\" alt=\"\" width=\"1037\" height=\"692\" srcset=\"https:\/\/globalus.druskininkai.lt\/wp-content\/uploads\/2019\/03\/K2.jpg 1037w, https:\/\/globalus.druskininkai.lt\/wp-content\/uploads\/2019\/03\/K2-300x200.jpg 300w, https:\/\/globalus.druskininkai.lt\/wp-content\/uploads\/2019\/03\/K2-768x512.jpg 768w, https:\/\/globalus.druskininkai.lt\/wp-content\/uploads\/2019\/03\/K2-1024x683.jpg 1024w\" sizes=\"(max-width: 1037px) 100vw, 1037px\" \/>Kasmetin\u0117 Druskinink\u0173 kurorto \u0161vent\u0117<\/h3><p><i class=\"fa fa-calendar\" aria-hidden=\"true\"><i class=\"outfont\">Paskutinis gegu\u017e\u0117s savaitgalis<\/i><\/i><\/p><p>Paskutin\u012f gegu\u017e\u0117s savaitgal\u012f Druskininkus sudrebina i\u0161skirtin\u0117 fiesta, kuri skelbia vasaros sezono prad\u017ei\u0105, o daugyb\u0117 rengini\u0173 \u012f pramog\u0173 ir kult\u016bros s\u016bkur\u012f \u012ftraukia ir vietos bendruomen\u0119, ir Lietuvos bei u\u017esienio sve\u010dius.<br \/>Neatsiejamas \u0161ios \u0161vent\u0117s reginys &#8211; teatralizuotos eityn\u0117s, kurios kiekvienais metais organizuojamos vis kita tematika.<\/p><p><img decoding=\"async\" loading=\"lazy\" class=\"alignnone size-full wp-image-674\" src=\"http:\/\/globalus.druskininkai.lt\/wp-content\/uploads\/2019\/03\/K3.jpg\" alt=\"\" width=\"1232\" height=\"816\" srcset=\"https:\/\/globalus.druskininkai.lt\/wp-content\/uploads\/2019\/03\/K3.jpg 1232w, https:\/\/globalus.druskininkai.lt\/wp-content\/uploads\/2019\/03\/K3-300x199.jpg 300w, https:\/\/globalus.druskininkai.lt\/wp-content\/uploads\/2019\/03\/K3-768x509.jpg 768w, https:\/\/globalus.druskininkai.lt\/wp-content\/uploads\/2019\/03\/K3-1024x678.jpg 1024w\" sizes=\"(max-width: 1232px) 100vw, 1232px\" \/><\/p><p><img decoding=\"async\" loading=\"lazy\" class=\"alignnone size-full wp-image-676\" src=\"http:\/\/globalus.druskininkai.lt\/wp-content\/uploads\/2019\/04\/k4.jpg\" alt=\"\" width=\"1132\" height=\"600\" srcset=\"https:\/\/globalus.druskininkai.lt\/wp-content\/uploads\/2019\/04\/k4.jpg 1132w, https:\/\/globalus.druskininkai.lt\/wp-content\/uploads\/2019\/04\/k4-300x159.jpg 300w, https:\/\/globalus.druskininkai.lt\/wp-content\/uploads\/2019\/04\/k4-768x407.jpg 768w, https:\/\/globalus.druskininkai.lt\/wp-content\/uploads\/2019\/04\/k4-1024x543.jpg 1024w\" sizes=\"(max-width: 1132px) 100vw, 1132px\" \/><\/p><p><img decoding=\"async\" loading=\"lazy\" class=\"alignnone size-full wp-image-692\" src=\"http:\/\/globalus.druskininkai.lt\/wp-content\/uploads\/2019\/04\/kurorto-1.jpg\" alt=\"\" width=\"1200\" height=\"400\" srcset=\"https:\/\/globalus.druskininkai.lt\/wp-content\/uploads\/2019\/04\/kurorto-1.jpg 1200w, https:\/\/globalus.druskininkai.lt\/wp-content\/uploads\/2019\/04\/kurorto-1-300x100.jpg 300w, https:\/\/globalus.druskininkai.lt\/wp-content\/uploads\/2019\/04\/kurorto-1-768x256.jpg 768w, https:\/\/globalus.druskininkai.lt\/wp-content\/uploads\/2019\/04\/kurorto-1-1024x341.jpg 1024w\" sizes=\"(max-width: 1200px) 100vw, 1200px\" \/><\/p><p><img decoding=\"async\" loading=\"lazy\" class=\"alignnone size-full wp-image-693\" src=\"http:\/\/globalus.druskininkai.lt\/wp-content\/uploads\/2019\/04\/kurorto-2.jpg\" alt=\"\" width=\"800\" height=\"533\" srcset=\"https:\/\/globalus.druskininkai.lt\/wp-content\/uploads\/2019\/04\/kurorto-2.jpg 800w, https:\/\/globalus.druskininkai.lt\/wp-content\/uploads\/2019\/04\/kurorto-2-300x200.jpg 300w, https:\/\/globalus.druskininkai.lt\/wp-content\/uploads\/2019\/04\/kurorto-2-768x512.jpg 768w\" sizes=\"(max-width: 800px) 100vw, 800px\" \/><\/p>\t\t\t\t\t<\/div>\n\t\t\t\t\t\t<\/div>\n\t\t\t\t<\/div>\n\t\t\t\t\t\t<\/div>\n\t\t\t\t\t<\/div>\n\t\t<\/div>\n\t\t\t\t<div class=\"elementor-column elementor-col-33 elementor-inner-column elementor-element elementor-element-d4f7b4f\" data-id=\"d4f7b4f\" data-element_type=\"column\">\n\t\t\t<div class=\"elementor-column-wrap elementor-element-populated\">\n\t\t\t\t\t\t\t<div class=\"elementor-widget-wrap\">\n\t\t\t\t\t\t<div class=\"elementor-element elementor-element-7ff69a2 elementor-widget elementor-widget-text-editor\" data-id=\"7ff69a2\" data-element_type=\"widget\" data-widget_type=\"text-editor.default\">\n\t\t\t\t<div class=\"elementor-widget-container\">\n\t\t\t\t\t\t\t\t<div class=\"elementor-text-editor elementor-clearfix\">\n\t\t\t\t<h3>Druskininkuose rengini\u0173 ir \u0161ven\u010di\u0173 \u012fvairov\u0117<\/h3><ul><li>Plovo virimo \u010dempionatas<\/li><li>Narciz\u0173 \u017eyd\u0117jimo \u0161vent\u0117<\/li><li>Festivalis\u00a0 &#8220;Kino pavasaris&#8221;<\/li><li>Ralio \u010dempionatas<\/li><li>Poetinis Druskinink\u0173 ruduo<\/li><li>Tort\u0173 turnyras<\/li><li>\u00a0S\u016bri\u0173 festivalis<\/li><li>Tarptautin\u0117 turizmo diena<\/li><li>Tradicinis eglu\u010di\u0173 parkas<\/li><li>\u0160vie\u010dian\u010di\u0173 moli\u016bg\u0173 \u0161vent\u0117<\/li><\/ul><p><a href=\"http:\/\/info.druskininkai.lt\/new\/lt\/#renginiai\">Visus renginius ir\u00a0 informacij\u0105 apie juos galima rasti \u010dia.<\/a><\/p><p><img decoding=\"async\" loading=\"lazy\" class=\"alignnone size-full wp-image-682\" src=\"http:\/\/globalus.druskininkai.lt\/wp-content\/uploads\/2019\/04\/plovas-1.jpg\" alt=\"\" width=\"3872\" height=\"2592\" srcset=\"https:\/\/globalus.druskininkai.lt\/wp-content\/uploads\/2019\/04\/plovas-1.jpg 3872w, https:\/\/globalus.druskininkai.lt\/wp-content\/uploads\/2019\/04\/plovas-1-300x201.jpg 300w, https:\/\/globalus.druskininkai.lt\/wp-content\/uploads\/2019\/04\/plovas-1-768x514.jpg 768w, https:\/\/globalus.druskininkai.lt\/wp-content\/uploads\/2019\/04\/plovas-1-1024x685.jpg 1024w\" sizes=\"(max-width: 3872px) 100vw, 3872px\" \/><\/p><p><img decoding=\"async\" loading=\"lazy\" class=\"alignnone size-full wp-image-683\" src=\"http:\/\/globalus.druskininkai.lt\/wp-content\/uploads\/2019\/04\/moli\u016bgaui.jpg\" alt=\"\" width=\"1073\" height=\"716\" srcset=\"https:\/\/globalus.druskininkai.lt\/wp-content\/uploads\/2019\/04\/moli\u016bgaui.jpg 1073w, https:\/\/globalus.druskininkai.lt\/wp-content\/uploads\/2019\/04\/moli\u016bgaui-300x200.jpg 300w, https:\/\/globalus.druskininkai.lt\/wp-content\/uploads\/2019\/04\/moli\u016bgaui-768x512.jpg 768w, https:\/\/globalus.druskininkai.lt\/wp-content\/uploads\/2019\/04\/moli\u016bgaui-1024x683.jpg 1024w\" sizes=\"(max-width: 1073px) 100vw, 1073px\" \/><\/p><p><img decoding=\"async\" loading=\"lazy\" class=\"alignnone size-full wp-image-684\" src=\"http:\/\/globalus.druskininkai.lt\/wp-content\/uploads\/2019\/04\/ralis.jpg\" alt=\"\" width=\"744\" height=\"460\" srcset=\"https:\/\/globalus.druskininkai.lt\/wp-content\/uploads\/2019\/04\/ralis.jpg 744w, https:\/\/globalus.druskininkai.lt\/wp-content\/uploads\/2019\/04\/ralis-300x185.jpg 300w\" sizes=\"(max-width: 744px) 100vw, 744px\" \/><\/p><p><img decoding=\"async\" loading=\"lazy\" class=\"alignnone size-full wp-image-685\" src=\"http:\/\/globalus.druskininkai.lt\/wp-content\/uploads\/2019\/04\/narcizai.jpg\" alt=\"\" width=\"680\" height=\"453\" srcset=\"https:\/\/globalus.druskininkai.lt\/wp-content\/uploads\/2019\/04\/narcizai.jpg 680w, https:\/\/globalus.druskininkai.lt\/wp-content\/uploads\/2019\/04\/narcizai-300x200.jpg 300w\" sizes=\"(max-width: 680px) 100vw, 680px\" \/><\/p><p><img decoding=\"async\" loading=\"lazy\" class=\"alignnone size-full wp-image-687\" src=\"http:\/\/globalus.druskininkai.lt\/wp-content\/uploads\/2019\/04\/sriai.jpg\" alt=\"\" width=\"1060\" height=\"684\" srcset=\"https:\/\/globalus.druskininkai.lt\/wp-content\/uploads\/2019\/04\/sriai.jpg 1060w, https:\/\/globalus.druskininkai.lt\/wp-content\/uploads\/2019\/04\/sriai-300x194.jpg 300w, https:\/\/globalus.druskininkai.lt\/wp-content\/uploads\/2019\/04\/sriai-768x496.jpg 768w, https:\/\/globalus.druskininkai.lt\/wp-content\/uploads\/2019\/04\/sriai-1024x661.jpg 1024w\" sizes=\"(max-width: 1060px) 100vw, 1060px\" \/><\/p><p><iframe loading=\"lazy\" width=\"660\" height=\"371\" src=\"https:\/\/www.youtube.com\/embed\/mC_9-bTcR6U?feature=oembed\" frameborder=\"0\" allow=\"accelerometer; autoplay; encrypted-media; gyroscope; picture-in-picture\" allowfullscreen><\/iframe><\/p>\t\t\t\t\t<\/div>\n\t\t\t\t\t\t<\/div>\n\t\t\t\t<\/div>\n\t\t\t\t\t\t<\/div>\n\t\t\t\t\t<\/div>\n\t\t<\/div>\n\t\t\t\t\t\t\t\t<\/div>\n\t\t\t\t\t<\/div>\n\t\t<\/section>\n\t\t\t\t<div class=\"elementor-element elementor-element-e1b4d3a elementor-widget elementor-widget-spacer\" data-id=\"e1b4d3a\" data-element_type=\"widget\" data-widget_type=\"spacer.default\">\n\t\t\t\t<div class=\"elementor-widget-container\">\n\t\t\t\t\t<div class=\"elementor-spacer\">\n\t\t\t<div class=\"elementor-spacer-inner\"><\/div>\n\t\t<\/div>\n\t\t\t\t<\/div>\n\t\t\t\t<\/div>\n\t\t\t\t<div class=\"elementor-element elementor-element-e135f78 elementor-widget-divider--view-line elementor-widget elementor-widget-divider\" data-id=\"e135f78\" data-element_type=\"widget\" data-widget_type=\"divider.default\">\n\t\t\t\t<div class=\"elementor-widget-container\">\n\t\t\t\t\t<div class=\"elementor-divider\">\n\t\t\t<span class=\"elementor-divider-separator\">\n\t\t\t\t\t\t<\/span>\n\t\t<\/div>\n\t\t\t\t<\/div>\n\t\t\t\t<\/div>\n\t\t\t\t<div class=\"elementor-element elementor-element-0bbb0bf elementor-widget elementor-widget-spacer\" data-id=\"0bbb0bf\" data-element_type=\"widget\" data-widget_type=\"spacer.default\">\n\t\t\t\t<div class=\"elementor-widget-container\">\n\t\t\t\t\t<div class=\"elementor-spacer\">\n\t\t\t<div class=\"elementor-spacer-inner\"><\/div>\n\t\t<\/div>\n\t\t\t\t<\/div>\n\t\t\t\t<\/div>\n\t\t\t\t<div class=\"elementor-element elementor-element-83dfac3 elementor-widget elementor-widget-text-editor\" data-id=\"83dfac3\" data-element_type=\"widget\" data-widget_type=\"text-editor.default\">\n\t\t\t\t<div class=\"elementor-widget-container\">\n\t\t\t\t\t\t\t\t<div class=\"elementor-text-editor elementor-clearfix\">\n\t\t\t\t\t\t\t\t\t<\/div>\n\t\t\t\t\t\t<\/div>\n\t\t\t\t<\/div>\n\t\t\t\t\t\t<\/div>\n\t\t\t\t\t<\/div>\n\t\t<\/div>\n\t\t\t\t\t\t\t\t<\/div>\n\t\t\t\t\t<\/div>\n\t\t<\/section>\n\t\t\t\t\t\t\t\t\t<\/div>\n\t\t\t<\/div>\n\t\t\t\t\t<\/div>\n\t\t","protected":false},"excerpt":{"rendered":"<p>Tarptautinis men\u0173 fesivalis &#8220;Vasara su M. K. \u010ciurlioniu&#8221; I\u0161skirtinis festivalis \u201eDruskinink\u0173 vasara su M. K. \u010ciurlioniu\u201c kiekvienais metais suteikia galimyb\u0119 miesto gyventojams ir sve\u010diams dar pla\u010diau ir giliau pa\u017einti vieno i\u0161kiliausi\u0173 Lietuvos meninink\u0173 \u2013 M. K. \u010ciurlionio gyvenim\u0105, k\u016bryb\u0105, svarb\u0105 ir \u012ftak\u0105 dabartinei meninink\u0173 k\u016brybai. Jau 17-us metus festivalis kuria unikali\u0105 Lietuvos ir u\u017esienio \u0161ali\u0173 &hellip; <a href=\"https:\/\/globalus.druskininkai.lt\/?page_id=40\" class=\"more-link\">Skaityti toliau: <span class=\"screen-reader-text\">Renginiai<\/span><\/a><\/p>\n","protected":false},"author":1,"featured_media":0,"parent":0,"menu_order":0,"comment_status":"closed","ping_status":"closed","template":"","meta":[],"acf":[],"_links":{"self":[{"href":"https:\/\/globalus.druskininkai.lt\/index.php?rest_route=\/wp\/v2\/pages\/40"}],"collection":[{"href":"https:\/\/globalus.druskininkai.lt\/index.php?rest_route=\/wp\/v2\/pages"}],"about":[{"href":"https:\/\/globalus.druskininkai.lt\/index.php?rest_route=\/wp\/v2\/types\/page"}],"author":[{"embeddable":true,"href":"https:\/\/globalus.druskininkai.lt\/index.php?rest_route=\/wp\/v2\/users\/1"}],"replies":[{"embeddable":true,"href":"https:\/\/globalus.druskininkai.lt\/index.php?rest_route=%2Fwp%2Fv2%2Fcomments&post=40"}],"version-history":[{"count":43,"href":"https:\/\/globalus.druskininkai.lt\/index.php?rest_route=\/wp\/v2\/pages\/40\/revisions"}],"predecessor-version":[{"id":698,"href":"https:\/\/globalus.druskininkai.lt\/index.php?rest_route=\/wp\/v2\/pages\/40\/revisions\/698"}],"wp:attachment":[{"href":"https:\/\/globalus.druskininkai.lt\/index.php?rest_route=%2Fwp%2Fv2%2Fmedia&parent=40"}],"curies":[{"name":"wp","href":"https:\/\/api.w.org\/{rel}","templated":true}]}}