{"id":8,"date":"2017-11-04T13:54:55","date_gmt":"2017-11-04T13:54:55","guid":{"rendered":"http:\/\/gevara.lt\/globali\/?page_id=8"},"modified":"2022-07-05T13:06:10","modified_gmt":"2022-07-05T11:06:10","slug":"dirbti","status":"publish","type":"page","link":"https:\/\/globalus.druskininkai.lt\/?page_id=8","title":{"rendered":"DIRBK IR KURK VERSL\u0104 DRUSKININKUOSE"},"content":{"rendered":"\t\t<div data-elementor-type=\"wp-post\" data-elementor-id=\"8\" class=\"elementor elementor-8\">\n\t\t\t\t\t\t<div class=\"elementor-inner\">\n\t\t\t\t<div class=\"elementor-section-wrap\">\n\t\t\t\t\t\t\t\t\t<section class=\"elementor-section elementor-top-section elementor-element elementor-element-f8f8b8b elementor-section-boxed elementor-section-height-default elementor-section-height-default\" data-id=\"f8f8b8b\" data-element_type=\"section\">\n\t\t\t\t\t\t<div class=\"elementor-container elementor-column-gap-default\">\n\t\t\t\t\t\t\t<div class=\"elementor-row\">\n\t\t\t\t\t<div class=\"elementor-column elementor-col-100 elementor-top-column elementor-element elementor-element-b39a828\" data-id=\"b39a828\" data-element_type=\"column\">\n\t\t\t<div class=\"elementor-column-wrap elementor-element-populated\">\n\t\t\t\t\t\t\t<div class=\"elementor-widget-wrap\">\n\t\t\t\t\t\t<div class=\"elementor-element elementor-element-95807f0 elementor-widget elementor-widget-text-editor\" data-id=\"95807f0\" data-element_type=\"widget\" data-widget_type=\"text-editor.default\">\n\t\t\t\t<div class=\"elementor-widget-container\">\n\t\t\t\t\t\t\t\t<div class=\"elementor-text-editor elementor-clearfix\">\n\t\t\t\t<p><img decoding=\"async\" loading=\"lazy\" class=\"alignnone size-full wp-image-1018\" src=\"http:\/\/globalus.druskininkai.lt\/wp-content\/uploads\/2022\/07\/\u201e\u201e\u201e\u201e\u201e\u201eBevardis-dizainas-kopija-kopija-kopija-kopija-kopija-kopija.png\" alt=\"\" width=\"2600\" height=\"800\" srcset=\"https:\/\/globalus.druskininkai.lt\/wp-content\/uploads\/2022\/07\/\u201e\u201e\u201e\u201e\u201e\u201eBevardis-dizainas-kopija-kopija-kopija-kopija-kopija-kopija.png 2600w, https:\/\/globalus.druskininkai.lt\/wp-content\/uploads\/2022\/07\/\u201e\u201e\u201e\u201e\u201e\u201eBevardis-dizainas-kopija-kopija-kopija-kopija-kopija-kopija-300x92.png 300w, https:\/\/globalus.druskininkai.lt\/wp-content\/uploads\/2022\/07\/\u201e\u201e\u201e\u201e\u201e\u201eBevardis-dizainas-kopija-kopija-kopija-kopija-kopija-kopija-1024x315.png 1024w, https:\/\/globalus.druskininkai.lt\/wp-content\/uploads\/2022\/07\/\u201e\u201e\u201e\u201e\u201e\u201eBevardis-dizainas-kopija-kopija-kopija-kopija-kopija-kopija-768x236.png 768w, https:\/\/globalus.druskininkai.lt\/wp-content\/uploads\/2022\/07\/\u201e\u201e\u201e\u201e\u201e\u201eBevardis-dizainas-kopija-kopija-kopija-kopija-kopija-kopija-1536x473.png 1536w, https:\/\/globalus.druskininkai.lt\/wp-content\/uploads\/2022\/07\/\u201e\u201e\u201e\u201e\u201e\u201eBevardis-dizainas-kopija-kopija-kopija-kopija-kopija-kopija-2048x630.png 2048w\" sizes=\"(max-width: 2600px) 100vw, 2600px\" \/><\/p>\t\t\t\t\t<\/div>\n\t\t\t\t\t\t<\/div>\n\t\t\t\t<\/div>\n\t\t\t\t\t\t<\/div>\n\t\t\t\t\t<\/div>\n\t\t<\/div>\n\t\t\t\t\t\t\t\t<\/div>\n\t\t\t\t\t<\/div>\n\t\t<\/section>\n\t\t\t\t<section class=\"elementor-section elementor-top-section elementor-element elementor-element-b12a06c elementor-section-boxed elementor-section-height-default elementor-section-height-default\" data-id=\"b12a06c\" data-element_type=\"section\">\n\t\t\t\t\t\t<div class=\"elementor-container elementor-column-gap-default\">\n\t\t\t\t\t\t\t<div class=\"elementor-row\">\n\t\t\t\t\t<div class=\"elementor-column elementor-col-100 elementor-top-column elementor-element elementor-element-44572f7\" data-id=\"44572f7\" data-element_type=\"column\">\n\t\t\t<div class=\"elementor-column-wrap elementor-element-populated\">\n\t\t\t\t\t\t\t<div class=\"elementor-widget-wrap\">\n\t\t\t\t\t\t<div class=\"elementor-element elementor-element-aacf1ab elementor-widget elementor-widget-text-editor\" data-id=\"aacf1ab\" data-element_type=\"widget\" data-widget_type=\"text-editor.default\">\n\t\t\t\t<div class=\"elementor-widget-container\">\n\t\t\t\t\t\t\t\t<div class=\"elementor-text-editor elementor-clearfix\">\n\t\t\t\t<h2>Visa informacija gr\u012f\u017etantiems &#8211; www.renkuosilietuva.lt<\/h2>\t\t\t\t\t<\/div>\n\t\t\t\t\t\t<\/div>\n\t\t\t\t<\/div>\n\t\t\t\t\t\t<\/div>\n\t\t\t\t\t<\/div>\n\t\t<\/div>\n\t\t\t\t\t\t\t\t<\/div>\n\t\t\t\t\t<\/div>\n\t\t<\/section>\n\t\t\t\t<section class=\"elementor-section elementor-top-section elementor-element elementor-element-03528af elementor-section-boxed elementor-section-height-default elementor-section-height-default\" data-id=\"03528af\" data-element_type=\"section\">\n\t\t\t\t\t\t<div class=\"elementor-container elementor-column-gap-default\">\n\t\t\t\t\t\t\t<div class=\"elementor-row\">\n\t\t\t\t\t<div class=\"elementor-column elementor-col-100 elementor-top-column elementor-element elementor-element-4f19947\" data-id=\"4f19947\" data-element_type=\"column\">\n\t\t\t<div class=\"elementor-column-wrap elementor-element-populated\">\n\t\t\t\t\t\t\t<div class=\"elementor-widget-wrap\">\n\t\t\t\t\t\t<section class=\"elementor-section elementor-inner-section elementor-element elementor-element-7bf6d86 elementor-section-boxed elementor-section-height-default elementor-section-height-default\" data-id=\"7bf6d86\" data-element_type=\"section\">\n\t\t\t\t\t\t<div class=\"elementor-container elementor-column-gap-default\">\n\t\t\t\t\t\t\t<div class=\"elementor-row\">\n\t\t\t\t\t<div class=\"elementor-column elementor-col-50 elementor-inner-column elementor-element elementor-element-1033284\" data-id=\"1033284\" data-element_type=\"column\">\n\t\t\t<div class=\"elementor-column-wrap elementor-element-populated\">\n\t\t\t\t\t\t\t<div class=\"elementor-widget-wrap\">\n\t\t\t\t\t\t<div class=\"elementor-element elementor-element-3bc34d3 elementor-widget elementor-widget-text-editor\" data-id=\"3bc34d3\" data-element_type=\"widget\" data-widget_type=\"text-editor.default\">\n\t\t\t\t<div class=\"elementor-widget-container\">\n\t\t\t\t\t\t\t\t<div class=\"elementor-text-editor elementor-clearfix\">\n\t\t\t\t<h3><span style=\"text-decoration: underline;\">Tech Spa \u2013 i\u0161skirtin\u0117 bendradarbyst\u0117s ir co-living vieta Druskininkuose<\/span><\/h3><div>Nesvarbu, ar ie\u0161kai erdvios ir patogios vietos darbui, ar tiesiog nori atsipalaiduoti, pab\u0117gti nuo miesto \u0161urmulio ir atrasti darbo viet\u0105 \u0161alia gamtos \u2013 vis\u0105 tai rasi Tech Spa.<\/div><p>Tech Spa \u2013 i\u0161skirtin\u0117 bendradarbyst\u0117s ir co-living vieta Druskininkuose. Tech Spa bendradarbyst\u0117s erdv\u0117se rasi patogius darbo stalus, ne vien\u0105 susitikimo kambar\u012f, poilsio zon\u0105, \u012frengt\u0105 virtuv\u0119 ir stogo teras\u0105 su miest\u0105 atverian\u010diu vaizdu. Tai tikrai unikali vieta darbui ir pab\u0117gimui nuo miesto \u0161urmulio.<\/p><p><span style=\"color: #333399;\"><a style=\"color: #333399;\" href=\"https:\/\/techzity.com\/lt\/bendradarbystes-erdve-tech-spa\/\">Daugiau informacijos.\u00a0<\/a><\/span><\/p>\t\t\t\t\t<\/div>\n\t\t\t\t\t\t<\/div>\n\t\t\t\t<\/div>\n\t\t\t\t\t\t<\/div>\n\t\t\t\t\t<\/div>\n\t\t<\/div>\n\t\t\t\t<div class=\"elementor-column elementor-col-50 elementor-inner-column elementor-element elementor-element-7eb00e2\" data-id=\"7eb00e2\" data-element_type=\"column\">\n\t\t\t<div class=\"elementor-column-wrap elementor-element-populated\">\n\t\t\t\t\t\t\t<div class=\"elementor-widget-wrap\">\n\t\t\t\t\t\t<div class=\"elementor-element elementor-element-ac5873e elementor-widget elementor-widget-text-editor\" data-id=\"ac5873e\" data-element_type=\"widget\" data-widget_type=\"text-editor.default\">\n\t\t\t\t<div class=\"elementor-widget-container\">\n\t\t\t\t\t\t\t\t<div class=\"elementor-text-editor elementor-clearfix\">\n\t\t\t\t<p><img decoding=\"async\" loading=\"lazy\" class=\"alignnone size-full wp-image-1046\" src=\"http:\/\/globalus.druskininkai.lt\/wp-content\/uploads\/2022\/07\/techspa.png\" alt=\"\" width=\"905\" height=\"693\" srcset=\"https:\/\/globalus.druskininkai.lt\/wp-content\/uploads\/2022\/07\/techspa.png 905w, https:\/\/globalus.druskininkai.lt\/wp-content\/uploads\/2022\/07\/techspa-300x230.png 300w, https:\/\/globalus.druskininkai.lt\/wp-content\/uploads\/2022\/07\/techspa-768x588.png 768w\" sizes=\"(max-width: 905px) 100vw, 905px\" \/><\/p>\t\t\t\t\t<\/div>\n\t\t\t\t\t\t<\/div>\n\t\t\t\t<\/div>\n\t\t\t\t\t\t<\/div>\n\t\t\t\t\t<\/div>\n\t\t<\/div>\n\t\t\t\t\t\t\t\t<\/div>\n\t\t\t\t\t<\/div>\n\t\t<\/section>\n\t\t\t\t\t\t<\/div>\n\t\t\t\t\t<\/div>\n\t\t<\/div>\n\t\t\t\t\t\t\t\t<\/div>\n\t\t\t\t\t<\/div>\n\t\t<\/section>\n\t\t\t\t<section class=\"elementor-section elementor-top-section elementor-element elementor-element-9843a93 elementor-section-boxed elementor-section-height-default elementor-section-height-default\" data-id=\"9843a93\" data-element_type=\"section\">\n\t\t\t\t\t\t<div class=\"elementor-container elementor-column-gap-default\">\n\t\t\t\t\t\t\t<div class=\"elementor-row\">\n\t\t\t\t\t<div class=\"elementor-column elementor-col-100 elementor-top-column elementor-element elementor-element-c51d2d8\" data-id=\"c51d2d8\" data-element_type=\"column\">\n\t\t\t<div class=\"elementor-column-wrap elementor-element-populated\">\n\t\t\t\t\t\t\t<div class=\"elementor-widget-wrap\">\n\t\t\t\t\t\t<div class=\"elementor-element elementor-element-5c5dcc0 elementor-widget elementor-widget-text-editor\" data-id=\"5c5dcc0\" data-element_type=\"widget\" data-widget_type=\"text-editor.default\">\n\t\t\t\t<div class=\"elementor-widget-container\">\n\t\t\t\t\t\t\t\t<div class=\"elementor-text-editor elementor-clearfix\">\n\t\t\t\t<h3><span style=\"text-decoration: underline;\"><strong>Jaunimo verslumo ir integracijos \u012f darbo rink\u0105 programa<\/strong><\/span><\/h3><p>Unikali programa Druskininkuose gyvenantiems 14-29 met\u0173 jaunuoliams suteikia galimyb\u0119 i\u0161bandyti save darbo rinkoje, \u201epasimatuoti\u201c vien\u0105 ar kit\u0105 profesij\u0105 ir u\u017esidirbti pinig\u0173 savo poreikiams. Programoje dalyvaujantys darbdaviai, \u012fdarbin\u0119 jaunus \u017emones, turi galimyb\u0119 prisid\u0117ti prie jaunimo verslumo ugdymo, pad\u0117ti jauniems \u017emon\u0117ms tobul\u0117ti ir suteikti darbo patirties.\u00a0<\/p><p>Programoje dalyvauja ir nauj\u0173, ir jau joje dalyvavusi\u0173 jaun\u0173 \u017emoni\u0173. Darbdaviai kvie\u010dia gerai dirbusius jaunuolius v\u0117l dirbti j\u0173 \u012fmon\u0117se. Toks darbdavio kvietimas jaunam \u017emogui parodo, kad vertinami jo geb\u0117jimai, tod\u0117l jaunuolis, \u017einodamas to darbo specifik\u0105 matydamas, kad \u012fmon\u0117s kolektyve yra puosel\u0117jami geri tarpusavio bendravimo ir bendradarbiavimo santykiai, noriai gr\u012f\u017eta pas t\u0105 pat\u012f darbdav\u012f. Jaunimui labai svarbu i\u0161bandyti kuo \u012fvairesnes darbo sritis, kad gal\u0117t\u0173 geriau pa\u017einti save, suprasti, ko jis nori ir kas jam nepatinka, i\u0161mokti tvarkytis su stresin\u0117mis situacijomis. O \u012fgyti \u012fg\u016bd\u017eiai, manau, tikrai labai pravers ir ateityje.<\/p><p>2021 m. programa v\u0117l sulauk\u0117 gausaus jaunuoli\u0173 ir verslinink\u0173 d\u0117mesio. Jau penkerius metus vykdomoje programoje dalyvavo 53 \u012fmon\u0117s, kurios \u012fdarbino 172 jaunuolius.<\/p><p><span style=\"color: #333399;\"><a style=\"color: #333399;\" href=\"https:\/\/www.juc.lt\/jaunimo-verslumo\">Daugiau informacijos.<\/a><\/span><\/p><p><img decoding=\"async\" loading=\"lazy\" class=\"alignnone size-full wp-image-741\" src=\"http:\/\/globalus.druskininkai.lt\/wp-content\/uploads\/2019\/09\/BeFunky-Collage-28503-s500x166-s500x166.jpg\" alt=\"\" width=\"3996\" height=\"1329\" srcset=\"https:\/\/globalus.druskininkai.lt\/wp-content\/uploads\/2019\/09\/BeFunky-Collage-28503-s500x166-s500x166.jpg 3996w, https:\/\/globalus.druskininkai.lt\/wp-content\/uploads\/2019\/09\/BeFunky-Collage-28503-s500x166-s500x166-300x100.jpg 300w, https:\/\/globalus.druskininkai.lt\/wp-content\/uploads\/2019\/09\/BeFunky-Collage-28503-s500x166-s500x166-768x255.jpg 768w, https:\/\/globalus.druskininkai.lt\/wp-content\/uploads\/2019\/09\/BeFunky-Collage-28503-s500x166-s500x166-1024x341.jpg 1024w\" sizes=\"(max-width: 3996px) 100vw, 3996px\" \/><\/p>\t\t\t\t\t<\/div>\n\t\t\t\t\t\t<\/div>\n\t\t\t\t<\/div>\n\t\t\t\t\t\t<\/div>\n\t\t\t\t\t<\/div>\n\t\t<\/div>\n\t\t\t\t\t\t\t\t<\/div>\n\t\t\t\t\t<\/div>\n\t\t<\/section>\n\t\t\t\t<section class=\"elementor-section elementor-top-section elementor-element elementor-element-7141446 elementor-section-boxed elementor-section-height-default elementor-section-height-default\" data-id=\"7141446\" data-element_type=\"section\">\n\t\t\t\t\t\t<div class=\"elementor-container elementor-column-gap-default\">\n\t\t\t\t\t\t\t<div class=\"elementor-row\">\n\t\t\t\t\t<div class=\"elementor-column elementor-col-100 elementor-top-column elementor-element elementor-element-1ab1047\" data-id=\"1ab1047\" data-element_type=\"column\">\n\t\t\t<div class=\"elementor-column-wrap elementor-element-populated\">\n\t\t\t\t\t\t\t<div class=\"elementor-widget-wrap\">\n\t\t\t\t\t\t<div class=\"elementor-element elementor-element-4523dc5 elementor-widget elementor-widget-text-editor\" data-id=\"4523dc5\" data-element_type=\"widget\" data-widget_type=\"text-editor.default\">\n\t\t\t\t<div class=\"elementor-widget-container\">\n\t\t\t\t\t\t\t\t<div class=\"elementor-text-editor elementor-clearfix\">\n\t\t\t\t<h3><span style=\"text-decoration: underline;\">Smulkaus ir vidutinio verslo r\u0117mimas<\/span><\/h3><p>SVV r\u0117mimo programa tik viena i\u0161 daugelio savivaldyb\u0117s vykdom\u0173 priemoni\u0173, remiant verslo bei bendruomen\u0117s verslum\u0105. Kiekvienais metais savivaldyb\u0117 remia kaimo bendruomenes, \u017eem\u0117s \u016bk\u012f, jaunim\u0105, kitus projektus, taiko mokestines lengvatas.<\/p><p>Priemon\u0117s tikslas &#8211; skatinti smulkaus ir vidutinio verslo k\u016brim\u0105si bei pl\u0117tojim\u0105, finansi\u0161kai remti smulkaus ir vidutinio verslo subjektus.\u00a0<\/p><p>Priemone siekiama skatinti kurortui svarbi\u0173 nedidel\u0117s apimties projekt\u0173, kurie\u00a0savo turiniu, veikla, \u012franga ar vizualizacija\u00a0reprezentuot\u0173 ir garsint\u0173 Druskinink\u0173 savivaldyb\u0119, \u012fgyvendinim\u0105.<\/p><p><a href=\"https:\/\/druskininkusavivaldybe.lt\/go.php\/lit\/Parama-verslui\/1\"><span style=\"color: #333399;\">Daugiau informacijos.<\/span><\/a><\/p>\t\t\t\t\t<\/div>\n\t\t\t\t\t\t<\/div>\n\t\t\t\t<\/div>\n\t\t\t\t\t\t<\/div>\n\t\t\t\t\t<\/div>\n\t\t<\/div>\n\t\t\t\t\t\t\t\t<\/div>\n\t\t\t\t\t<\/div>\n\t\t<\/section>\n\t\t\t\t<section class=\"elementor-section elementor-top-section elementor-element elementor-element-85e8480 elementor-section-boxed elementor-section-height-default elementor-section-height-default\" data-id=\"85e8480\" data-element_type=\"section\">\n\t\t\t\t\t\t<div class=\"elementor-container elementor-column-gap-default\">\n\t\t\t\t\t\t\t<div class=\"elementor-row\">\n\t\t\t\t\t<div class=\"elementor-column elementor-col-100 elementor-top-column elementor-element elementor-element-347bfc6\" data-id=\"347bfc6\" data-element_type=\"column\">\n\t\t\t<div class=\"elementor-column-wrap elementor-element-populated\">\n\t\t\t\t\t\t\t<div class=\"elementor-widget-wrap\">\n\t\t\t\t\t\t<div class=\"elementor-element elementor-element-2adb273 elementor-widget elementor-widget-text-editor\" data-id=\"2adb273\" data-element_type=\"widget\" data-widget_type=\"text-editor.default\">\n\t\t\t\t<div class=\"elementor-widget-container\">\n\t\t\t\t\t\t\t\t<div class=\"elementor-text-editor elementor-clearfix\">\n\t\t\t\t<p><br><\/p>\n<p><img decoding=\"async\" loading=\"lazy\" class=\"alignnone size-full wp-image-1035\" src=\"http:\/\/globalus.druskininkai.lt\/wp-content\/uploads\/2022\/07\/erfyuagd.png\" alt=\"\" width=\"833\" height=\"432\" srcset=\"https:\/\/globalus.druskininkai.lt\/wp-content\/uploads\/2022\/07\/erfyuagd.png 833w, https:\/\/globalus.druskininkai.lt\/wp-content\/uploads\/2022\/07\/erfyuagd-300x156.png 300w, https:\/\/globalus.druskininkai.lt\/wp-content\/uploads\/2022\/07\/erfyuagd-768x398.png 768w\" sizes=\"(max-width: 833px) 100vw, 833px\" \/><\/p>\t\t\t\t\t<\/div>\n\t\t\t\t\t\t<\/div>\n\t\t\t\t<\/div>\n\t\t\t\t\t\t<\/div>\n\t\t\t\t\t<\/div>\n\t\t<\/div>\n\t\t\t\t\t\t\t\t<\/div>\n\t\t\t\t\t<\/div>\n\t\t<\/section>\n\t\t\t\t<section class=\"elementor-section elementor-top-section elementor-element elementor-element-4470305e elementor-section-boxed elementor-section-height-default elementor-section-height-default\" data-id=\"4470305e\" data-element_type=\"section\">\n\t\t\t\t\t\t<div class=\"elementor-container elementor-column-gap-default\">\n\t\t\t\t\t\t\t<div class=\"elementor-row\">\n\t\t\t\t\t<div class=\"elementor-column elementor-col-100 elementor-top-column elementor-element elementor-element-1aafc1e0\" data-id=\"1aafc1e0\" data-element_type=\"column\">\n\t\t\t<div class=\"elementor-column-wrap elementor-element-populated\">\n\t\t\t\t\t\t\t<div class=\"elementor-widget-wrap\">\n\t\t\t\t\t\t<div class=\"elementor-element elementor-element-2e3714c5 elementor-widget elementor-widget-text-editor\" data-id=\"2e3714c5\" data-element_type=\"widget\" data-widget_type=\"text-editor.default\">\n\t\t\t\t<div class=\"elementor-widget-container\">\n\t\t\t\t\t\t\t\t<div class=\"elementor-text-editor elementor-clearfix\">\n\t\t\t\t<div>\u00a0<\/div><div><h2>Kurk savo versl\u0105<\/h2><\/div><p>Druskininkai draugi\u0161ka savivaldyb\u0117 verslui. Tod\u0117l atsiranda vis daugiau smulkiojo verslo \u012fmoni\u0173.<\/p><p><span style=\"color: #333399;\"><a style=\"color: #333399;\" href=\"https:\/\/www.druskininkusavivaldybe.lt\/go.php\/lit\/img\/1136\">Visos verslo licencijos ir leidimai.<\/a><\/span><\/p>\t\t\t\t\t<\/div>\n\t\t\t\t\t\t<\/div>\n\t\t\t\t<\/div>\n\t\t\t\t<section class=\"elementor-section elementor-inner-section elementor-element elementor-element-c297e2d elementor-section-boxed elementor-section-height-default elementor-section-height-default\" data-id=\"c297e2d\" data-element_type=\"section\">\n\t\t\t\t\t\t<div class=\"elementor-container elementor-column-gap-default\">\n\t\t\t\t\t\t\t<div class=\"elementor-row\">\n\t\t\t\t\t<div class=\"elementor-column elementor-col-100 elementor-inner-column elementor-element elementor-element-fc0aa72\" data-id=\"fc0aa72\" data-element_type=\"column\">\n\t\t\t<div class=\"elementor-column-wrap elementor-element-populated\">\n\t\t\t\t\t\t\t<div class=\"elementor-widget-wrap\">\n\t\t\t\t\t\t<div class=\"elementor-element elementor-element-d019bc0 elementor-widget elementor-widget-text-editor\" data-id=\"d019bc0\" data-element_type=\"widget\" data-widget_type=\"text-editor.default\">\n\t\t\t\t<div class=\"elementor-widget-container\">\n\t\t\t\t\t\t\t\t<div class=\"elementor-text-editor elementor-clearfix\">\n\t\t\t\t<p><strong>Susidom\u0117jai? Vis\u0105 reikiam\u0105 informacij\u0105 suteiks\u00a0<\/strong><br \/>Finans\u0173 ir apskaitos vyriausioji specialist\u0117 A. Kara\u0161kevi\u010dien\u0117<\/p>\t\t\t\t\t<\/div>\n\t\t\t\t\t\t<\/div>\n\t\t\t\t<\/div>\n\t\t\t\t<div class=\"elementor-element elementor-element-ea8fdfe elementor-align-left elementor-icon-list--layout-traditional elementor-list-item-link-full_width elementor-widget elementor-widget-icon-list\" data-id=\"ea8fdfe\" data-element_type=\"widget\" data-widget_type=\"icon-list.default\">\n\t\t\t\t<div class=\"elementor-widget-container\">\n\t\t\t\t\t<ul class=\"elementor-icon-list-items\">\n\t\t\t\t\t\t\t<li class=\"elementor-icon-list-item\">\n\t\t\t\t\t\t\t\t\t\t\t<span class=\"elementor-icon-list-icon\">\n\t\t\t\t\t\t\t<i aria-hidden=\"true\" class=\"fas fa-envelope\"><\/i>\t\t\t\t\t\t<\/span>\n\t\t\t\t\t\t\t\t\t\t<span class=\"elementor-icon-list-text\">ausra.karaskeviciene@druskininkai.lt<\/span>\n\t\t\t\t\t\t\t\t\t<\/li>\n\t\t\t\t\t\t\t\t<li class=\"elementor-icon-list-item\">\n\t\t\t\t\t\t\t\t\t\t\t<a href=\"tel:%20SVV%20r\u0117mimo%20programa%20tik%20viena%20i\u0161%20daugelio%20savivaldyb\u0117s%20vykdom\u0173%20priemoni\u0173,%20remiant%20%20verslo%20bei%20bendruomen\u0117s%20verslum\u0105%20Kiekvienais%20metais%20savivaldyb\u0117%20remia%20kaimo%20bendruomenes,%20\u017eem\u0117s%20\u016bk\u012f,%20jaunim\u0105,%20kitus%20projektus,%20tas\">\n\n\t\t\t\t\t\t\t\t\t\t\t\t<span class=\"elementor-icon-list-icon\">\n\t\t\t\t\t\t\t<i aria-hidden=\"true\" class=\"fas fa-phone\"><\/i>\t\t\t\t\t\t<\/span>\n\t\t\t\t\t\t\t\t\t\t<span class=\"elementor-icon-list-text\">8 313 52950<\/span>\n\t\t\t\t\t\t\t\t\t\t\t<\/a>\n\t\t\t\t\t\t\t\t\t<\/li>\n\t\t\t\t\t\t<\/ul>\n\t\t\t\t<\/div>\n\t\t\t\t<\/div>\n\t\t\t\t\t\t<\/div>\n\t\t\t\t\t<\/div>\n\t\t<\/div>\n\t\t\t\t\t\t\t\t<\/div>\n\t\t\t\t\t<\/div>\n\t\t<\/section>\n\t\t\t\t\t\t<\/div>\n\t\t\t\t\t<\/div>\n\t\t<\/div>\n\t\t\t\t\t\t\t\t<\/div>\n\t\t\t\t\t<\/div>\n\t\t<\/section>\n\t\t\t\t\t\t\t\t\t<\/div>\n\t\t\t<\/div>\n\t\t\t\t\t<\/div>\n\t\t","protected":false},"excerpt":{"rendered":"<p>Visa informacija gr\u012f\u017etantiems &#8211; www.renkuosilietuva.lt Tech Spa \u2013 i\u0161skirtin\u0117 bendradarbyst\u0117s ir co-living vieta Druskininkuose Nesvarbu, ar ie\u0161kai erdvios ir patogios vietos darbui, ar tiesiog nori atsipalaiduoti, pab\u0117gti nuo miesto \u0161urmulio ir atrasti darbo viet\u0105 \u0161alia gamtos \u2013 vis\u0105 tai rasi Tech Spa. Tech Spa \u2013 i\u0161skirtin\u0117 bendradarbyst\u0117s ir co-living vieta Druskininkuose. Tech Spa bendradarbyst\u0117s erdv\u0117se &hellip; <a href=\"https:\/\/globalus.druskininkai.lt\/?page_id=8\" class=\"more-link\">Skaityti toliau: <span class=\"screen-reader-text\">DIRBK IR KURK VERSL\u0104 DRUSKININKUOSE<\/span><\/a><\/p>\n","protected":false},"author":1,"featured_media":0,"parent":0,"menu_order":0,"comment_status":"closed","ping_status":"closed","template":"","meta":[],"acf":[],"_links":{"self":[{"href":"https:\/\/globalus.druskininkai.lt\/index.php?rest_route=\/wp\/v2\/pages\/8"}],"collection":[{"href":"https:\/\/globalus.druskininkai.lt\/index.php?rest_route=\/wp\/v2\/pages"}],"about":[{"href":"https:\/\/globalus.druskininkai.lt\/index.php?rest_route=\/wp\/v2\/types\/page"}],"author":[{"embeddable":true,"href":"https:\/\/globalus.druskininkai.lt\/index.php?rest_route=\/wp\/v2\/users\/1"}],"replies":[{"embeddable":true,"href":"https:\/\/globalus.druskininkai.lt\/index.php?rest_route=%2Fwp%2Fv2%2Fcomments&post=8"}],"version-history":[{"count":73,"href":"https:\/\/globalus.druskininkai.lt\/index.php?rest_route=\/wp\/v2\/pages\/8\/revisions"}],"predecessor-version":[{"id":1086,"href":"https:\/\/globalus.druskininkai.lt\/index.php?rest_route=\/wp\/v2\/pages\/8\/revisions\/1086"}],"wp:attachment":[{"href":"https:\/\/globalus.druskininkai.lt\/index.php?rest_route=%2Fwp%2Fv2%2Fmedia&parent=8"}],"curies":[{"name":"wp","href":"https:\/\/api.w.org\/{rel}","templated":true}]}}